



{"id":1559,"date":"2014-09-04T21:00:21","date_gmt":"2014-09-04T21:00:21","guid":{"rendered":"http:\/\/demo.gruppesite.dk\/?page_id=1559"},"modified":"2022-03-01T10:02:18","modified_gmt":"2022-03-01T09:02:18","slug":"praktisk","status":"publish","type":"page","link":"https:\/\/loegumkloster.gruppesite.dk\/?page_id=1559","title":{"rendered":"Praktisk"},"content":{"rendered":"<p>Pris:<\/p>\n<p>Det koster <strong>300 kr. halv\u00e5rligt<\/strong>&nbsp;at v\u00e6re medlem.<br \/>\nKontingentet d\u00e6kker materialer, leje af lokaler, m\u00e6rker til uniformen mm.<br \/>\nSom medlem er du d\u00e6kket af KFUM-Spejdernes ulykkesforsikring n\u00e5r du er til spejder.<\/p>\n<p>Alle vores voksne ledere er frivillige og ul\u00f8nnede.<br \/>\nKontingentet opkr\u00e6ves kvartalsvis.<\/p>\n<p>Hvis dit barn gerne vil v\u00e6re spejder, men pengene sm\u00e5, kan du s\u00f8ge om at f\u00e5 en friplads:<br \/>\nwww.spejdernet.dk\/friplads<\/p>\n<p>B\u00f8rneattester:<\/p>\n<p>Alle b\u00f8rne- og ungdomsorganisationer kan desv\u00e6rre komme i situationer, hvor nuv\u00e6rende eller tidligere<br \/>\nmedlemmer bliver anklaget for seksuelle kr\u00e6nkelser. Hos KFUM-Spejderne arbejder vi \u00e5bent og aktivt for<br \/>\nat undg\u00e5 disse situationer, ved at screene vores frivillige ledere.<br \/>\nS\u00e5ledes er det et krav, at alle ledere og medhj\u00e6lpende medlemmer over 15 \u00e5r afleverer b\u00f8rneattest fra Det Centrale Kriminalregister.<\/p>\n","protected":false},"excerpt":{"rendered":"<p>Pris: Det koster 300 kr. halv\u00e5rligt&nbsp;at v\u00e6re medlem. Kontingentet d\u00e6kker materialer, leje af lokaler, m\u00e6rker til uniformen mm. Som medlem..<\/p>\n","protected":false},"author":11,"featured_media":0,"parent":899,"menu_order":0,"comment_status":"closed","ping_status":"closed","template":"template\/template_enhed.php","meta":{"ngg_post_thumbnail":0,"footnotes":""},"class_list":["post-1559","page","type-page","status-publish","hentry"],"_links":{"self":[{"href":"https:\/\/loegumkloster.gruppesite.dk\/index.php?rest_route=\/wp\/v2\/pages\/1559","targetHints":{"allow":["GET"]}}],"collection":[{"href":"https:\/\/loegumkloster.gruppesite.dk\/index.php?rest_route=\/wp\/v2\/pages"}],"about":[{"href":"https:\/\/loegumkloster.gruppesite.dk\/index.php?rest_route=\/wp\/v2\/types\/page"}],"author":[{"embeddable":true,"href":"https:\/\/loegumkloster.gruppesite.dk\/index.php?rest_route=\/wp\/v2\/users\/11"}],"replies":[{"embeddable":true,"href":"https:\/\/loegumkloster.gruppesite.dk\/index.php?rest_route=%2Fwp%2Fv2%2Fcomments&post=1559"}],"version-history":[{"count":2,"href":"https:\/\/loegumkloster.gruppesite.dk\/index.php?rest_route=\/wp\/v2\/pages\/1559\/revisions"}],"predecessor-version":[{"id":2077,"href":"https:\/\/loegumkloster.gruppesite.dk\/index.php?rest_route=\/wp\/v2\/pages\/1559\/revisions\/2077"}],"up":[{"embeddable":true,"href":"https:\/\/loegumkloster.gruppesite.dk\/index.php?rest_route=\/wp\/v2\/pages\/899"}],"wp:attachment":[{"href":"https:\/\/loegumkloster.gruppesite.dk\/index.php?rest_route=%2Fwp%2Fv2%2Fmedia&parent=1559"}],"curies":[{"name":"wp","href":"https:\/\/api.w.org\/{rel}","templated":true}]}}